{"id":2048,"date":"2026-01-15T09:23:47","date_gmt":"2026-01-15T08:23:47","guid":{"rendered":"https:\/\/www.parcvalrose.com\/camping-piscine-la-londe-les-maures\/"},"modified":"2026-03-03T11:34:20","modified_gmt":"2026-03-03T10:34:20","slug":"campsite-pool-la-londe-les-maures","status":"publish","type":"page","link":"https:\/\/www.parcvalrose.com\/en\/campsite-pool-la-londe-les-maures\/","title":{"rendered":"Swimming pool"},"content":{"rendered":"\n<section class=\"wp-block-group alignfull bienvenue page-one has-background has-global-padding is-layout-constrained wp-container-core-group-is-layout-2877fcb1 wp-block-group-is-layout-constrained\" style=\"border-radius:0px;background-color:rgba(255,255,255,1);margin-top:0px;margin-right:0px;margin-bottom:0px;margin-left:0px;padding-top:var(--wp--preset--spacing--60);padding-right:0px;padding-bottom:var(--wp--preset--spacing--60);padding-left:0px\">\n<div class=\"wp-block-columns is-layout-flex wp-container-core-columns-is-layout-6e7d8bb3 wp-block-columns-is-layout-flex\" style=\"margin-top:0;margin-bottom:0\">\n<div class=\"wp-block-column is-vertically-aligned-top is-layout-flow wp-block-column-is-layout-flow\" style=\"flex-basis:33%\">\n<div class=\"wp-block-group has-global-padding is-content-justification-left is-layout-constrained wp-container-core-group-is-layout-09a39926 wp-block-group-is-layout-constrained\" style=\"margin-top:0px;margin-right:0px;margin-bottom:0px;margin-left:3px\">\n<h1 class=\"wp-block-heading has-text-align-left full-width has-lt-remark-font-family has-text-color\" style=\"color:rgba(58,87,53,1);margin-top:0px;margin-right:0px;margin-bottom:0px;margin-left:0px;font-size:clamp(35.641px, 2.228rem + ((1vw - 3.2px) * 2.387), 65px);font-style:normal;font-weight:400;line-height:1.0\">La Londe-les-Maures campsite with swimming pool<\/h1>\n\n\n\n<div class=\"wp-block-group is-layout-flow wp-block-group-is-layout-flow\" style=\"padding-top:1.5rem;padding-right:var(--wp--preset--spacing--40)\">\n<p class=\"has-text-align-left paragraph has-text-color has-lt-remark-font-family\" style=\"color:rgba(52,56,53,1);margin-top:0px;margin-right:0px;margin-bottom:0px;margin-left:0px;padding-top:0rem;padding-right:0;font-size:clamp(14px, 0.875rem + ((1vw - 3.2px) * 0.488), 20px);font-style:normal;font-weight:400;line-height:1.7\">The swimming pool at this C\u00f4te d&#8217;Azur campsite boasts long, <strong>relaxing<\/strong> beaches and comfortable sun loungers and parasols.<\/p>\n\n\n\n<p class=\"has-text-align-left paragraph has-text-color has-lt-remark-font-family\" style=\"color:rgba(52,56,53,1);margin-top:0px;margin-right:0px;margin-bottom:0px;margin-left:0px;padding-top:0rem;padding-right:0;font-size:clamp(14px, 0.875rem + ((1vw - 3.2px) * 0.488), 20px);font-style:normal;font-weight:400;line-height:1.7\"><strong>Surrounded<\/strong> by laurel and pine trees, the 250-square-meter <strong>heated swimming pool<\/strong> is available from April to September.<\/p>\n<\/div>\n\n\n\n<p class=\"h2-like has-text-color has-link-color has-lt-remark-font-family wp-elements-b29ae5e57359582369f3d9e9aa76a1e3\" style=\"color:#f2c5b4;margin-top:0;margin-bottom:0;padding-top:var(--wp--preset--spacing--40);font-size:clamp(33.419px, 2.089rem + ((1vw - 3.2px) * 2.161), 60px);line-height:1\"><em>Here, we don&#8217;t break records&#8230;<\/em> <strong>we take the time to float&#8230;<\/strong><\/p>\n<\/div>\n<\/div>\n\n\n\n<div class=\"wp-block-column is-vertically-aligned-center is-layout-flow wp-block-column-is-layout-flow\" style=\"flex-basis:33%\">\n<figure class=\"wp-block-image size-full is-resized has-custom-border animated fadeIn delay-200ms\"><img decoding=\"async\" width=\"683\" height=\"1024\" src=\"https:\/\/www.parcvalrose.com\/wp-content\/uploads\/sites\/5\/2026\/02\/camping-avec-piscine-a-la-londe-les-maures.jpg\" alt=\"camping with swimming pool at la londe les maures\" class=\"wp-image-1590\" style=\"border-top-left-radius:292px;border-bottom-right-radius:292px;object-fit:cover;width:584px;height:964px\" srcset=\"https:\/\/www.parcvalrose.com\/wp-content\/uploads\/sites\/5\/2026\/02\/camping-avec-piscine-a-la-londe-les-maures.jpg 683w, https:\/\/www.parcvalrose.com\/wp-content\/uploads\/sites\/5\/2026\/02\/camping-avec-piscine-a-la-londe-les-maures-200x300.jpg 200w\" sizes=\"(max-width: 683px) 100vw, 683px\" \/><\/figure>\n<\/div>\n\n\n\n<div class=\"wp-block-column is-layout-flow wp-block-column-is-layout-flow\" style=\"flex-basis:33%\">\n<figure class=\"wp-block-image size-full is-resized has-custom-border animated fadeIn delay-100ms\"><img decoding=\"async\" width=\"768\" height=\"952\" src=\"https:\/\/www.parcvalrose.com\/wp-content\/uploads\/sites\/5\/2026\/02\/profitez-de-notre-piscine-chauffee.jpg\" alt=\"enjoy our heated swimming pool\" class=\"wp-image-1592\" style=\"border-top-left-radius:316px;border-bottom-right-radius:0px;object-fit:cover;width:630px;height:877px\" srcset=\"https:\/\/www.parcvalrose.com\/wp-content\/uploads\/sites\/5\/2026\/02\/profitez-de-notre-piscine-chauffee.jpg 768w, https:\/\/www.parcvalrose.com\/wp-content\/uploads\/sites\/5\/2026\/02\/profitez-de-notre-piscine-chauffee-242x300.jpg 242w\" sizes=\"(max-width: 768px) 100vw, 768px\" \/><\/figure>\n<\/div>\n<\/div>\n<\/section>\n\n<section class=\"wp-block-group piscine page-two is-layout-flow wp-block-group-is-layout-flow\" style=\"padding-top:var(--wp--preset--spacing--60);padding-bottom:var(--wp--preset--spacing--60)\">\n<div class=\"wp-block-columns is-layout-flex wp-container-core-columns-is-layout-28f84493 wp-block-columns-is-layout-flex\">\n<div class=\"wp-block-column is-layout-flow wp-block-column-is-layout-flow\">\n<div class=\"wp-block-group right animated fadeIn delay-200ms has-background is-layout-flow wp-block-group-is-layout-flow\" style=\"border-top-right-radius:366px;border-bottom-left-radius:366px;background-color:#faf6ef;padding-top:7rem;padding-right:7rem;padding-bottom:7rem;padding-left:7rem\">\n<h2 class=\"wp-block-heading\" style=\"border-bottom-color:var(--wp--preset--color--custom-color-1);border-bottom-width:1px;padding-bottom:var(--wp--preset--spacing--20);line-height:1.1\"><strong>Campsite with<\/strong> heated outdoor <strong>swimming pool<\/strong> in the Var<\/h2>\n\n\n\n<div class=\"wp-block-group is-layout-flow wp-block-group-is-layout-flow\">\n<p>Profitez d\u2019un v\u00e9ritable havre de d\u00e9tente dans notre <strong>camping avec piscine \u00e0 La Londe-les-Maures<\/strong>, situ\u00e9 au c\u0153ur du Var. La piscine ext\u00e9rieure chauff\u00e9e du <a href=\"https:\/\/www.parcvalrose.com\/en\/\">Camping Parc Valrose<\/a> s\u2019int\u00e8gre harmonieusement dans les paysages naturels et bois\u00e9s du Massif des Maures, offrant un <strong>cadre idyllique<\/strong> pour se relaxer en famille.<\/p>\n\n\n\n<p>Heated according to the season, it allows you to enjoy pleasant swimming even on cooler days. Ideally located in the Provence M\u00e9diterran\u00e9e R\u00e9gion, our campsite is one of the region&#8217;s most popular for the quality of its facilities. An aquatic area perfect for combining leisure, well-being and the good life under the Mediterranean sun.  <\/p>\n\n\n\n<p>The Parc Valrose campsite in La Londe Les Maures features a swimming pool that blends in perfectly with the magnificent scenery of the Massif des Maures. Located in the Provence M\u00e9diterran\u00e9e R\u00e9gion, it is one of the Var campsites equipped with a heated swimming pool (depending on the season). <\/p>\n<\/div>\n<\/div>\n<\/div>\n\n\n\n<div class=\"wp-block-column is-layout-flow wp-block-column-is-layout-flow\">\n<figure class=\"wp-block-image size-large\"><img decoding=\"async\" src=\"http:\/\/www.parcvalrose.com\/wp-content\/uploads\/sites\/5\/2026\/01\/fleur-valrose2.svg\" alt=\"parc valrose\" class=\"wp-image-281\"\/><\/figure>\n<\/div>\n<\/div>\n\n\n\n<div data-swiper=\"{&quot;speed&quot;:1000,&quot;autoplay&quot;:{&quot;delay&quot;:5000,&quot;disableOnInteraction&quot;:false},&quot;spaceBetween&quot;:0,&quot;slidesPerView&quot;:1,&quot;pagination&quot;:{&quot;el&quot;:&quot;.swiper-pagination&quot;,&quot;dynamicBullets&quot;:true,&quot;clickable&quot;:true,&quot;type&quot;:&quot;bullets&quot;},&quot;navigation&quot;:{&quot;nextEl&quot;:&quot;.swiper-button-next&quot;,&quot;prevEl&quot;:&quot;.swiper-button-prev&quot;},&quot;breakpoints&quot;:[{&quot;slidesPerView&quot;:1}]}\" class=\"wp-block-cover is-light has-parallax\" style=\"min-height:934px;aspect-ratio:unset;\"><div role=\"img\" aria-label=\"camping avec piscine exterieure chauffee dans le var\" class=\"wp-block-cover__image-background wp-image-1594 size-full has-parallax\" style=\"background-position:50% 50%;background-image:url(https:\/\/www.parcvalrose.com\/wp-content\/uploads\/sites\/5\/2026\/02\/camping-avec-piscine-exterieure-chauffee-dans-le-var.jpg)\"><\/div><span aria-hidden=\"true\" class=\"wp-block-cover__background has-background-dim-0 has-background-dim\" style=\"background-color:#839591\"><\/span><div class=\"wp-block-cover__inner-container has-global-padding is-layout-constrained wp-block-cover-is-layout-constrained\">\n<p class=\"has-text-align-center has-large-font-size\"><\/p>\n<\/div><\/div>\n<\/section>\n\n<section class=\"wp-block-group faq page-three is-layout-flow wp-block-group-is-layout-flow\" style=\"padding-top:0;padding-right:var(--wp--preset--spacing--50);padding-bottom:var(--wp--preset--spacing--60);padding-left:var(--wp--preset--spacing--50)\">\n<div class=\"wp-block-columns is-layout-flex wp-container-core-columns-is-layout-7fc3d43a wp-block-columns-is-layout-flex\">\n<div class=\"wp-block-column is-layout-flow wp-block-column-is-layout-flow\">\n<h2 class=\"wp-block-heading page-three\" style=\"border-bottom-color:var(--wp--preset--color--custom-color-1);border-bottom-width:1px;padding-bottom:var(--wp--preset--spacing--20)\"><strong>Wading pool<\/strong> for your little ones<\/h2>\n\n\n\n<div class=\"wp-block-group is-layout-flow wp-block-group-is-layout-flow\" style=\"padding-top:var(--wp--preset--spacing--20)\">\n<p style=\"padding-top:0\">At our <strong>campsite with heated swimming pool in La Londe-les-Maures<\/strong>, our youngest guests can also take advantage of a <strong>secure paddling pool<\/strong> ideal for their first aquatic discoveries.<\/p>\n\n\n\n<p>Shallow and perfectly integrated into the swimming pool area, it allows toddlers to play, have fun and cool off in complete tranquillity, under parental supervision. In the heart of the Var, this children&#8217;s play area makes <strong>Camping Parc Valrose<\/strong> a must-see family destination. <\/p>\n\n\n\n<p>Families particularly appreciate the <strong>mild climate<\/strong>, <strong>safe facilities<\/strong> and <strong>soothing natural<\/strong> surroundings of the Swimming pool. A true aquatic paradise for toddlers, ideal for relaxation and family bonding. <\/p>\n<\/div>\n<\/div>\n\n\n\n<div class=\"wp-block-column right is-layout-flow wp-block-column-is-layout-flow\">\n<div data-swiper=\"{&quot;speed&quot;:400,&quot;spaceBetween&quot;:50,&quot;slidesPerView&quot;:1,&quot;createElements&quot;:true,&quot;loop&quot;:true,&quot;freemode&quot;:true,&quot;pagination&quot;:{&quot;el&quot;:&quot;.swiper-pagination&quot;,&quot;dynamicBullets&quot;:true},&quot;breakpoints&quot;:[{&quot;slidesPerView&quot;:1}],&quot;navigation&quot;:false,&quot;autoplay&quot;:{&quot;delay&quot;:3000}}\" class=\"wp-block-group gt-is-slider gt-is-slider-desktop is-layout-flow wp-block-group-is-layout-flow\">\n<figure class=\"wp-block-image size-full has-custom-border\"><img decoding=\"async\" width=\"1000\" height=\"667\" src=\"https:\/\/www.parcvalrose.com\/wp-content\/uploads\/sites\/5\/2026\/02\/pataugeoire-pour-vos-tout-petits.jpg\" alt=\"paddling pool for your little ones\" class=\"wp-image-1597\" style=\"border-top-left-radius:290px;border-bottom-right-radius:290px\" srcset=\"https:\/\/www.parcvalrose.com\/wp-content\/uploads\/sites\/5\/2026\/02\/pataugeoire-pour-vos-tout-petits.jpg 1000w, https:\/\/www.parcvalrose.com\/wp-content\/uploads\/sites\/5\/2026\/02\/pataugeoire-pour-vos-tout-petits-300x200.jpg 300w, https:\/\/www.parcvalrose.com\/wp-content\/uploads\/sites\/5\/2026\/02\/pataugeoire-pour-vos-tout-petits-768x512.jpg 768w\" sizes=\"(max-width: 1000px) 100vw, 1000px\" \/><\/figure>\n<\/div>\n<\/div>\n<\/div>\n<\/section>\n\n<section class=\"wp-block-group faq page-three reverse is-layout-flow wp-block-group-is-layout-flow\" style=\"padding-top:0;padding-right:var(--wp--preset--spacing--50);padding-bottom:0;padding-left:var(--wp--preset--spacing--50)\">\n<div class=\"wp-block-columns is-layout-flex wp-container-core-columns-is-layout-7fc3d43a wp-block-columns-is-layout-flex\">\n<div class=\"wp-block-column right is-layout-flow wp-block-column-is-layout-flow\">\n<div data-swiper=\"{&quot;speed&quot;:400,&quot;spaceBetween&quot;:50,&quot;slidesPerView&quot;:1,&quot;createElements&quot;:true,&quot;loop&quot;:true,&quot;freemode&quot;:true,&quot;pagination&quot;:{&quot;el&quot;:&quot;.swiper-pagination&quot;,&quot;dynamicBullets&quot;:true},&quot;breakpoints&quot;:[{&quot;slidesPerView&quot;:1}],&quot;navigation&quot;:false,&quot;autoplay&quot;:{&quot;delay&quot;:3000}}\" class=\"wp-block-group gt-is-slider gt-is-slider-desktop is-layout-flow wp-block-group-is-layout-flow\">\n<figure class=\"wp-block-image size-full has-custom-border\"><img decoding=\"async\" width=\"1000\" height=\"667\" src=\"https:\/\/www.parcvalrose.com\/wp-content\/uploads\/sites\/5\/2026\/02\/activites-aquatiques-a-la-piscine-du-camping.jpg\" alt=\"aquatic activities at the campsite swimming pool\" class=\"wp-image-1599\" style=\"border-top-left-radius:290px;border-bottom-right-radius:290px\" srcset=\"https:\/\/www.parcvalrose.com\/wp-content\/uploads\/sites\/5\/2026\/02\/activites-aquatiques-a-la-piscine-du-camping.jpg 1000w, https:\/\/www.parcvalrose.com\/wp-content\/uploads\/sites\/5\/2026\/02\/activites-aquatiques-a-la-piscine-du-camping-300x200.jpg 300w, https:\/\/www.parcvalrose.com\/wp-content\/uploads\/sites\/5\/2026\/02\/activites-aquatiques-a-la-piscine-du-camping-768x512.jpg 768w\" sizes=\"(max-width: 1000px) 100vw, 1000px\" \/><\/figure>\n\n\n\n<figure class=\"wp-block-image size-full has-custom-border\"><img decoding=\"async\" width=\"1000\" height=\"667\" src=\"http:\/\/www.parcvalrose.com\/wp-content\/uploads\/sites\/5\/2026\/02\/cours-d-aquagym.jpg\" alt=\"aqua-gym classes\" class=\"wp-image-1601\" style=\"border-top-left-radius:290px;border-bottom-right-radius:290px\" srcset=\"https:\/\/www.parcvalrose.com\/wp-content\/uploads\/sites\/5\/2026\/02\/cours-d-aquagym.jpg 1000w, https:\/\/www.parcvalrose.com\/wp-content\/uploads\/sites\/5\/2026\/02\/cours-d-aquagym-300x200.jpg 300w, https:\/\/www.parcvalrose.com\/wp-content\/uploads\/sites\/5\/2026\/02\/cours-d-aquagym-768x512.jpg 768w\" sizes=\"(max-width: 1000px) 100vw, 1000px\" \/><\/figure>\n<\/div>\n<\/div>\n\n\n\n<div class=\"wp-block-column is-layout-flow wp-block-column-is-layout-flow\">\n<h2 class=\"wp-block-heading page-three\" style=\"border-bottom-color:var(--wp--preset--color--custom-color-1);border-bottom-width:1px;padding-bottom:var(--wp--preset--spacing--20)\"><strong>Aquatic activities<\/strong> <br\/>in the campsite swimming pool<\/h2>\n\n\n\n<div class=\"wp-block-group has-global-padding is-layout-constrained wp-block-group-is-layout-constrained\" style=\"padding-top:var(--wp--preset--spacing--20)\">\n<p style=\"padding-top:0\">At our <strong>campsite with heated swimming pool in La Londe-les-Maures<\/strong>, enjoy a wide choice of water activities to energize your family days.<\/p>\n\n\n\n<p style=\"padding-top:0\">In high season, the swimming pool becomes a real place of conviviality, with numerous activities organized in the pool: <strong>aquagym classes<\/strong>, tonic sessions accessible to all, or <strong>water polo matches<\/strong> for fun and sporty moments.<\/p>\n\n\n\n<p style=\"padding-top:0\">Located in the Var region of France, <strong>Camping Parc Valrose<\/strong> also offers a refreshment and ice-cream corner to make the most of the aquatic area between swims.<\/p>\n\n\n\n<p style=\"padding-top:0\">A summertime atmosphere ideal for exercising, having fun and sharing unforgettable moments under the Mediterranean sun.<\/p>\n<\/div>\n<\/div>\n<\/div>\n<\/section>\n\n<section class=\"wp-block-group page-maillage has-global-padding is-layout-constrained wp-block-group-is-layout-constrained\" style=\"padding-top:var(--wp--preset--spacing--40);padding-bottom:var(--wp--preset--spacing--60)\">\n<p class=\"h2-like has-text-color has-link-color has-lt-remark-font-family wp-elements-8cff99d3e061ff416dd2219b6e031e07\" style=\"color:#f2c5b4;margin-top:0;margin-bottom:0;padding-top:var(--wp--preset--spacing--40);padding-bottom:var(--wp--preset--spacing--40);font-size:clamp(43.728px, 2.733rem + ((1vw - 3.2px) * 3.274), 84px);line-height:1\">Discover<br\/> <strong>Parc Valrose<\/strong> <em>campsite<\/em><\/p>\n\n\n\n<div class=\"wp-block-query is-layout-flow wp-block-query-is-layout-flow\"><ul class=\"wp-block-post-template is-layout-flow wp-block-post-template-is-layout-flow\"><li class=\"wp-block-post post-2036 page type-page status-publish has-post-thumbnail hentry\">\n\n<figure class=\"wp-block-image img-maillage\"><img decoding=\"async\" src=\"https:\/\/www.parcvalrose.com\/wp-content\/uploads\/sites\/5\/2026\/02\/camping-ambiance-familiale-var-1-1.jpg\" alt=\"family campsite atmosphere var\"\/><\/figure>\n\n\n\n<p class=\"title-maillage has-base-2-color has-text-color has-link-color wp-elements-20d739e56bdb6b5aa982dbb0ccbba000\" style=\"font-size:clamp(15.197px, 0.95rem + ((1vw - 3.2px) * 0.634), 23px);text-transform:uppercase\">Activities<\/p>\n\n\n<a class=\"is-style-lien-cover wp-block-read-more\" href=\"https:\/\/www.parcvalrose.com\/en\/campsite-entertainment-la-londe-les-maures\/\" target=\"_self\">Read more<span class=\"screen-reader-text\">: Entertainment<\/span><\/a>\n<\/li><li class=\"wp-block-post post-2039 page type-page status-publish has-post-thumbnail hentry\">\n\n<figure class=\"wp-block-image img-maillage\"><img decoding=\"async\" src=\"https:\/\/www.parcvalrose.com\/wp-content\/uploads\/sites\/5\/2026\/02\/locations.jpg\" alt=\"rentals\"\/><\/figure>\n\n\n\n<p class=\"title-maillage has-base-2-color has-text-color has-link-color wp-elements-20d739e56bdb6b5aa982dbb0ccbba000\" style=\"font-size:clamp(15.197px, 0.95rem + ((1vw - 3.2px) * 0.634), 23px);text-transform:uppercase\">Rentals<\/p>\n\n\n<a class=\"is-style-lien-cover wp-block-read-more\" href=\"https:\/\/www.parcvalrose.com\/en\/mobile-home-rental-la-londe-les-maures\/\" target=\"_self\">Read more<span class=\"screen-reader-text\">: Our rentals<\/span><\/a>\n<\/li><li class=\"wp-block-post post-2044 page type-page status-publish has-post-thumbnail hentry\">\n\n<figure class=\"wp-block-image img-maillage\"><img decoding=\"async\" src=\"https:\/\/www.parcvalrose.com\/wp-content\/uploads\/sites\/5\/2026\/02\/services.jpg\" alt=\"services\"\/><\/figure>\n\n\n\n<p class=\"title-maillage has-base-2-color has-text-color has-link-color wp-elements-20d739e56bdb6b5aa982dbb0ccbba000\" style=\"font-size:clamp(15.197px, 0.95rem + ((1vw - 3.2px) * 0.634), 23px);text-transform:uppercase\">Services<\/p>\n\n\n<a class=\"is-style-lien-cover wp-block-read-more\" href=\"https:\/\/www.parcvalrose.com\/en\/family-campsite-la-londe-les-maures\/\" target=\"_self\">Read more<span class=\"screen-reader-text\">: Services<\/span><\/a>\n<\/li><\/ul><\/div>\n<\/section>\n","protected":false},"excerpt":{"rendered":"<p>La Londe-les-Maures campsite with swimming pool The swimming pool at this C\u00f4te d&#8217;Azur campsite boasts long, relaxing beaches and comfortable sun loungers and parasols. Surrounded by laurel and pine trees, the 250-square-meter heated swimming pool is available from April to September. Here, we don&#8217;t break records&#8230; we take the time to float&#8230; Campsite with heated [&hellip;]<\/p>\n","protected":false},"author":1,"featured_media":87,"parent":0,"menu_order":0,"comment_status":"closed","ping_status":"closed","template":"","meta":{"_seopress_robots_primary_cat":"","_seopress_titles_title":"Swimming pool campsite La Londe-les-Maures | Swimming pool campsite Var","_seopress_titles_desc":"Campsite with heated pool at La Londe-les-Maures: relaxation, idleness and swimming in the heart of nature on the C\u00f4te d'Azur.","_seopress_robots_index":"","inline_featured_image":false,"_gt_ctv_global_id":"","_gt_ctv_id_group":false,"gt_fse_maillage_image":"https:\/\/www.parcvalrose.com\/wp-content\/uploads\/sites\/5\/2026\/02\/piscine.jpg","gt_fse_maillage_titre":"Swimming pool","gt_fse_maillage_alt":"swimming pool","gt_fse_maillage_resume":"","footnotes":""},"categories":[],"tags":[],"class_list":["post-2048","page","type-page","status-publish","has-post-thumbnail","hentry"],"_links":{"self":[{"href":"https:\/\/www.parcvalrose.com\/en\/wp-json\/wp\/v2\/pages\/2048","targetHints":{"allow":["GET"]}}],"collection":[{"href":"https:\/\/www.parcvalrose.com\/en\/wp-json\/wp\/v2\/pages"}],"about":[{"href":"https:\/\/www.parcvalrose.com\/en\/wp-json\/wp\/v2\/types\/page"}],"author":[{"embeddable":true,"href":"https:\/\/www.parcvalrose.com\/en\/wp-json\/wp\/v2\/users\/1"}],"replies":[{"embeddable":true,"href":"https:\/\/www.parcvalrose.com\/en\/wp-json\/wp\/v2\/comments?post=2048"}],"version-history":[{"count":9,"href":"https:\/\/www.parcvalrose.com\/en\/wp-json\/wp\/v2\/pages\/2048\/revisions"}],"predecessor-version":[{"id":2299,"href":"https:\/\/www.parcvalrose.com\/en\/wp-json\/wp\/v2\/pages\/2048\/revisions\/2299"}],"wp:featuredmedia":[{"embeddable":true,"href":"https:\/\/www.parcvalrose.com\/en\/wp-json\/wp\/v2\/media\/87"}],"wp:attachment":[{"href":"https:\/\/www.parcvalrose.com\/en\/wp-json\/wp\/v2\/media?parent=2048"}],"wp:term":[{"taxonomy":"category","embeddable":true,"href":"https:\/\/www.parcvalrose.com\/en\/wp-json\/wp\/v2\/categories?post=2048"},{"taxonomy":"post_tag","embeddable":true,"href":"https:\/\/www.parcvalrose.com\/en\/wp-json\/wp\/v2\/tags?post=2048"}],"curies":[{"name":"wp","href":"https:\/\/api.w.org\/{rel}","templated":true}]}}